{"id":16,"date":"2026-02-04T08:35:23","date_gmt":"2026-02-04T08:35:23","guid":{"rendered":"https:\/\/panicshift.com\/?page_id=16"},"modified":"2026-04-11T12:35:43","modified_gmt":"2026-04-11T10:35:43","slug":"impressum","status":"publish","type":"page","link":"https:\/\/withjanine.com\/en\/impressum","title":{"rendered":"Impressum"},"content":{"rendered":"<!--themify_builder_content-->\n<div id=\"themify_builder_content-16\" data-postid=\"16\" class=\"themify_builder_content themify_builder_content-16 themify_builder tf_clear\">\n                    <div  data-lazy=\"1\" class=\"module_row themify_builder_row tb_l1p6579 tb_first tf_w\">\n                        <div class=\"row_inner col_align_top tb_col_count_1 tf_box tf_rel\">\n                        <div  data-lazy=\"1\" class=\"module_column tb-column col-full tb_f39e579 first\">\n                    <!-- module text -->\n<div  class=\"module module-text tb_v5ks579\" data-lazy=\"1\">\n        <div  class=\"tb_text_wrap\">\n        <h1>Impressum<\/h1>    <\/div>\n<\/div>\n<!-- \/module text --><!-- module text -->\n<div  class=\"module module-text tb_sj25579\" data-lazy=\"1\">\n        <div  class=\"tb_text_wrap\">\n        <h2>Angaben gem\u00e4\u00df \u00a7 5 DDG<\/h2>\n<p>Picture Potential LLC<\/p>\n<p>30 N Gould St Ste R<\/p>\n<p>Sheridan, WY 82801<\/p>\n<p>United States<\/p>    <\/div>\n<\/div>\n<!-- \/module text --><!-- module text -->\n<div  class=\"module module-text tb_b3vz579\" data-lazy=\"1\">\n        <div  class=\"tb_text_wrap\">\n        <h2>Verantwortlich f\u00fcr den Inhalt nach \u00a7 18 Abs. 2 MStV<\/h2>\n<p>Picture Potential LLC<\/p>\n<p>30 N Gould St Ste R<\/p>\n<p>Sheridan, WY 82801<\/p>\n<p>United States<\/p>\n<p>E-Mail: info[@]withjanine.com<\/p>    <\/div>\n<\/div>\n<!-- \/module text --><!-- module text -->\n<div  class=\"module module-text tb_vec3579\" data-lazy=\"1\">\n        <div  class=\"tb_text_wrap\">\n        <h2>Kontakt<\/h2>\n<p>E-Mail: info[@]withjanine.com<\/p>\n<p>USt-IdNr. EU372084482<\/p>    <\/div>\n<\/div>\n<!-- \/module text --><!-- module text -->\n<div  class=\"module module-text tb_x6ss579 custom_link\" data-lazy=\"1\">\n        <div  class=\"tb_text_wrap\">\n        <h2>Social Media Profile<\/h2>\n<p>Dieses Impressum gilt auch f\u00fcr unsere Social-Media-Profile auf <a href=\"https:\/\/www.instagram.com\/beside.withjanine\/\" target=\"_blank\" rel=\"noopener\">Instagram <\/a>\u00a0und <a href=\"https:\/\/www.youtube.com\/@Beside.withJanine\">YouTube<\/a>.<\/p>    <\/div>\n<\/div>\n<!-- \/module text --><!-- module text -->\n<div  class=\"module module-text tb_asw4579\" data-lazy=\"1\">\n        <div  class=\"tb_text_wrap\">\n        <h2>Haftung f\u00fcr Inhalte<\/h2>\n<p>Als Betreiber dieser Website sind wir gem\u00e4\u00df \u00a7 7 Abs. 1 des Digitale-Dienste-Gesetzes (DDG) f\u00fcr die eigenen Inhalte auf diesen Seiten nach den allgemeinen gesetzlichen Bestimmungen verantwortlich. Nach den Regelungen des DDG, insbesondere den \u00a7\u00a7 8 bis 10, sind wir jedoch nicht verpflichtet, \u00fcbermittelte oder gespeicherte fremde Informationen zu \u00fcberwachen oder nach Umst\u00e4nden zu suchen, die auf eine rechtswidrige T\u00e4tigkeit hindeuten k\u00f6nnten.<\/p>\n<p>Unsere Verpflichtungen zur Entfernung oder Sperrung von Informationen nach den allgemeinen Gesetzen bleiben hiervon unber\u00fchrt. Eine Haftung tritt jedoch erst ein, sobald wir Kenntnis von einer konkreten Rechtsverletzung erhalten. Bei Bekanntwerden solcher Rechtsverletzungen werden wir die betroffenen Inhalte umgehend entfernen.<\/p>    <\/div>\n<\/div>\n<!-- \/module text --><!-- module text -->\n<div  class=\"module module-text tb_icwu579\" data-lazy=\"1\">\n        <div  class=\"tb_text_wrap\">\n        <h2>Haftung f\u00fcr Links<\/h2>\n<p>Unser Angebot enth\u00e4lt Links zu externen Websites Dritter, deren Inhalte wir nicht beeinflussen k\u00f6nnen. Daher k\u00f6nnen wir keine Gew\u00e4hr f\u00fcr diese fremden Inhalte \u00fcbernehmen. F\u00fcr die Inhalte der verlinkten Seiten sind ausschlie\u00dflich die jeweiligen Anbieter oder Betreiber verantwortlich. Die verlinkten Seiten wurden zum Zeitpunkt der Verlinkung auf m\u00f6gliche Rechtsverst\u00f6\u00dfe \u00fcberpr\u00fcft, und es waren keine rechtswidrigen Inhalte erkennbar.<\/p>\n<p>Eine permanente \u00dcberpr\u00fcfung der verlinkten Seiten auf \u00c4nderungen ist jedoch ohne konkrete Anhaltspunkte einer Rechtsverletzung nicht zumutbar. Sobald uns Rechtsverletzungen bekannt werden, werden wir entsprechende Links umgehend entfernen.<\/p>    <\/div>\n<\/div>\n<!-- \/module text --><!-- module text -->\n<div  class=\"module module-text tb_n704579\" data-lazy=\"1\">\n        <div  class=\"tb_text_wrap\">\n        <h2>Urheberrecht<\/h2>\n<p>Die auf diesen Seiten durch den Betreiber erstellten Inhalte und Werke unterliegen dem deutschen Urheberrecht. Die Vervielf\u00e4ltigung, Bearbeitung, Verbreitung und jede andere Art der Verwertung au\u00dferhalb der Grenzen des Urheberrechts bed\u00fcrfen der schriftlichen Zustimmung des jeweiligen Autors oder Erstellers. Downloads und Kopien dieser Seite sind nur f\u00fcr den privaten, nicht kommerziellen Gebrauch gestattet.<\/p>\n<p>Soweit die Inhalte auf dieser Seite nicht vom Betreiber erstellt wurden, werden die Urheberrechte Dritter beachtet und die Inhalte als solche gekennzeichnet. Sollten Sie dennoch auf eine Urheberrechtsverletzung sto\u00dfen, bitten wir um einen entsprechenden Hinweis. Bei Bekanntwerden von Rechtsverletzungen werden wir die betreffenden Inhalte umgehend entfernen.<\/p>    <\/div>\n<\/div>\n<!-- \/module text -->        <\/div>\n                        <\/div>\n        <\/div>\n        <\/div>\n<!--\/themify_builder_content-->","protected":false},"excerpt":{"rendered":"<p>Impressum<\/p>","protected":false},"author":1,"featured_media":0,"parent":0,"menu_order":0,"comment_status":"closed","ping_status":"closed","template":"","meta":{"footnotes":""},"class_list":["post-16","page","type-page","status-publish","hentry","has-post-title","has-post-date","has-post-category","has-post-tag","has-post-comment","has-post-author",""],"yoast_head":"<!-- This site is optimized with the Yoast SEO Premium plugin v27.2 (Yoast SEO v27.2) - https:\/\/yoast.com\/product\/yoast-seo-premium-wordpress\/ -->\n<title>Impressum - With Janine<\/title>\n<meta name=\"robots\" content=\"noindex, nofollow\" \/>\n<meta property=\"og:locale\" content=\"en_US\" \/>\n<meta property=\"og:type\" content=\"article\" \/>\n<meta property=\"og:title\" content=\"Impressum\" \/>\n<meta property=\"og:description\" content=\"Impressum\" \/>\n<meta property=\"og:url\" content=\"https:\/\/withjanine.com\/en\/impressum\/\" \/>\n<meta property=\"og:site_name\" content=\"With Janine\" \/>\n<meta property=\"article:modified_time\" content=\"2026-04-11T10:35:43+00:00\" \/>\n<meta name=\"twitter:card\" content=\"summary_large_image\" \/>\n<meta name=\"twitter:label1\" content=\"Est. reading time\" \/>\n\t<meta name=\"twitter:data1\" content=\"5 minutes\" \/>\n<script type=\"application\/ld+json\" class=\"yoast-schema-graph\">{\"@context\":\"https:\/\/schema.org\",\"@graph\":[{\"@type\":\"WebPage\",\"@id\":\"https:\/\/withjanine.com\/impressum\",\"url\":\"https:\/\/withjanine.com\/impressum\",\"name\":\"Impressum - With Janine\",\"isPartOf\":{\"@id\":\"https:\/\/withjanine.com\/#website\"},\"datePublished\":\"2026-02-04T08:35:23+00:00\",\"dateModified\":\"2026-04-11T10:35:43+00:00\",\"breadcrumb\":{\"@id\":\"https:\/\/withjanine.com\/impressum#breadcrumb\"},\"inLanguage\":\"en-US\",\"potentialAction\":[{\"@type\":\"ReadAction\",\"target\":[\"https:\/\/withjanine.com\/impressum\"]}]},{\"@type\":\"BreadcrumbList\",\"@id\":\"https:\/\/withjanine.com\/impressum#breadcrumb\",\"itemListElement\":[{\"@type\":\"ListItem\",\"position\":1,\"name\":\"Start\",\"item\":\"https:\/\/withjanine.com\/\"},{\"@type\":\"ListItem\",\"position\":2,\"name\":\"Impressum\"}]},{\"@type\":\"WebSite\",\"@id\":\"https:\/\/withjanine.com\/#website\",\"url\":\"https:\/\/withjanine.com\/\",\"name\":\"With Janine\",\"description\":\"\",\"potentialAction\":[{\"@type\":\"SearchAction\",\"target\":{\"@type\":\"EntryPoint\",\"urlTemplate\":\"https:\/\/withjanine.com\/?s={search_term_string}\"},\"query-input\":{\"@type\":\"PropertyValueSpecification\",\"valueRequired\":true,\"valueName\":\"search_term_string\"}}],\"inLanguage\":\"en-US\"}]}<\/script>\n<!-- \/ Yoast SEO Premium plugin. -->","yoast_head_json":{"title":"Impressum - With Janine","robots":{"index":"noindex","follow":"nofollow"},"og_locale":"en_US","og_type":"article","og_title":"Impressum","og_description":"Impressum","og_url":"https:\/\/withjanine.com\/en\/impressum\/","og_site_name":"With Janine","article_modified_time":"2026-04-11T10:35:43+00:00","twitter_card":"summary_large_image","twitter_misc":{"Est. reading time":"5 minutes"},"schema":{"@context":"https:\/\/schema.org","@graph":[{"@type":"WebPage","@id":"https:\/\/withjanine.com\/impressum","url":"https:\/\/withjanine.com\/impressum","name":"Impressum - With Janine","isPartOf":{"@id":"https:\/\/withjanine.com\/#website"},"datePublished":"2026-02-04T08:35:23+00:00","dateModified":"2026-04-11T10:35:43+00:00","breadcrumb":{"@id":"https:\/\/withjanine.com\/impressum#breadcrumb"},"inLanguage":"en-US","potentialAction":[{"@type":"ReadAction","target":["https:\/\/withjanine.com\/impressum"]}]},{"@type":"BreadcrumbList","@id":"https:\/\/withjanine.com\/impressum#breadcrumb","itemListElement":[{"@type":"ListItem","position":1,"name":"Start","item":"https:\/\/withjanine.com\/"},{"@type":"ListItem","position":2,"name":"Impressum"}]},{"@type":"WebSite","@id":"https:\/\/withjanine.com\/#website","url":"https:\/\/withjanine.com\/","name":"With Janine","description":"","potentialAction":[{"@type":"SearchAction","target":{"@type":"EntryPoint","urlTemplate":"https:\/\/withjanine.com\/?s={search_term_string}"},"query-input":{"@type":"PropertyValueSpecification","valueRequired":true,"valueName":"search_term_string"}}],"inLanguage":"en-US"}]}},"builder_content":"<h1>Impressum<\/h1>\n<h2>Angaben gem\u00e4\u00df \u00a7 5 DDG<\/h2> <p>Picture Potential LLC<\/p> <p>30 N Gould St Ste R<\/p> <p>Sheridan, WY 82801<\/p> <p>United States<\/p>\n<h2>Verantwortlich f\u00fcr den Inhalt nach \u00a7 18 Abs. 2 MStV<\/h2> <p>Picture Potential LLC<\/p> <p>30 N Gould St Ste R<\/p> <p>Sheridan, WY 82801<\/p> <p>United States<\/p> <p>E-Mail: info[@]withjanine.com<\/p>\n<h2>Kontakt<\/h2> <p>E-Mail: info[@]withjanine.com<\/p> <p>USt-IdNr. EU372084482<\/p>\n<h2>Social Media Profile<\/h2> <p>Dieses Impressum gilt auch f\u00fcr unsere Social-Media-Profile auf <a href=\"https:\/\/www.instagram.com\/beside.withjanine\/\" target=\"_blank\" rel=\"noopener\">Instagram <\/a>\u00a0und <a href=\"https:\/\/www.youtube.com\/@Beside.withJanine\">YouTube<\/a>.<\/p>\n<h2>Haftung f\u00fcr Inhalte<\/h2> <p>Als Betreiber dieser Website sind wir gem\u00e4\u00df \u00a7 7 Abs. 1 des Digitale-Dienste-Gesetzes (DDG) f\u00fcr die eigenen Inhalte auf diesen Seiten nach den allgemeinen gesetzlichen Bestimmungen verantwortlich. Nach den Regelungen des DDG, insbesondere den \u00a7\u00a7 8 bis 10, sind wir jedoch nicht verpflichtet, \u00fcbermittelte oder gespeicherte fremde Informationen zu \u00fcberwachen oder nach Umst\u00e4nden zu suchen, die auf eine rechtswidrige T\u00e4tigkeit hindeuten k\u00f6nnten.<\/p> <p>Unsere Verpflichtungen zur Entfernung oder Sperrung von Informationen nach den allgemeinen Gesetzen bleiben hiervon unber\u00fchrt. Eine Haftung tritt jedoch erst ein, sobald wir Kenntnis von einer konkreten Rechtsverletzung erhalten. Bei Bekanntwerden solcher Rechtsverletzungen werden wir die betroffenen Inhalte umgehend entfernen.<\/p>\n<h2>Haftung f\u00fcr Links<\/h2> <p>Unser Angebot enth\u00e4lt Links zu externen Websites Dritter, deren Inhalte wir nicht beeinflussen k\u00f6nnen. Daher k\u00f6nnen wir keine Gew\u00e4hr f\u00fcr diese fremden Inhalte \u00fcbernehmen. F\u00fcr die Inhalte der verlinkten Seiten sind ausschlie\u00dflich die jeweiligen Anbieter oder Betreiber verantwortlich. Die verlinkten Seiten wurden zum Zeitpunkt der Verlinkung auf m\u00f6gliche Rechtsverst\u00f6\u00dfe \u00fcberpr\u00fcft, und es waren keine rechtswidrigen Inhalte erkennbar.<\/p> <p>Eine permanente \u00dcberpr\u00fcfung der verlinkten Seiten auf \u00c4nderungen ist jedoch ohne konkrete Anhaltspunkte einer Rechtsverletzung nicht zumutbar. Sobald uns Rechtsverletzungen bekannt werden, werden wir entsprechende Links umgehend entfernen.<\/p>\n<h2>Urheberrecht<\/h2> <p>Die auf diesen Seiten durch den Betreiber erstellten Inhalte und Werke unterliegen dem deutschen Urheberrecht. Die Vervielf\u00e4ltigung, Bearbeitung, Verbreitung und jede andere Art der Verwertung au\u00dferhalb der Grenzen des Urheberrechts bed\u00fcrfen der schriftlichen Zustimmung des jeweiligen Autors oder Erstellers. Downloads und Kopien dieser Seite sind nur f\u00fcr den privaten, nicht kommerziellen Gebrauch gestattet.<\/p> <p>Soweit die Inhalte auf dieser Seite nicht vom Betreiber erstellt wurden, werden die Urheberrechte Dritter beachtet und die Inhalte als solche gekennzeichnet. Sollten Sie dennoch auf eine Urheberrechtsverletzung sto\u00dfen, bitten wir um einen entsprechenden Hinweis. Bei Bekanntwerden von Rechtsverletzungen werden wir die betreffenden Inhalte umgehend entfernen.<\/p>","_links":{"self":[{"href":"https:\/\/withjanine.com\/en\/wp-json\/wp\/v2\/pages\/16","targetHints":{"allow":["GET"]}}],"collection":[{"href":"https:\/\/withjanine.com\/en\/wp-json\/wp\/v2\/pages"}],"about":[{"href":"https:\/\/withjanine.com\/en\/wp-json\/wp\/v2\/types\/page"}],"author":[{"embeddable":true,"href":"https:\/\/withjanine.com\/en\/wp-json\/wp\/v2\/users\/1"}],"replies":[{"embeddable":true,"href":"https:\/\/withjanine.com\/en\/wp-json\/wp\/v2\/comments?post=16"}],"version-history":[{"count":18,"href":"https:\/\/withjanine.com\/en\/wp-json\/wp\/v2\/pages\/16\/revisions"}],"predecessor-version":[{"id":18392,"href":"https:\/\/withjanine.com\/en\/wp-json\/wp\/v2\/pages\/16\/revisions\/18392"}],"wp:attachment":[{"href":"https:\/\/withjanine.com\/en\/wp-json\/wp\/v2\/media?parent=16"}],"curies":[{"name":"wp","href":"https:\/\/api.w.org\/{rel}","templated":true}]}}