{"id":16605,"date":"2026-02-10T14:11:30","date_gmt":"2026-02-10T13:11:30","guid":{"rendered":"https:\/\/panicshift.com\/?page_id=16605"},"modified":"2026-04-13T13:37:13","modified_gmt":"2026-04-13T11:37:13","slug":"about","status":"publish","type":"page","link":"https:\/\/withjanine.com\/en\/about","title":{"rendered":"About"},"content":{"rendered":"<!--themify_builder_content-->\n<div id=\"themify_builder_content-16605\" data-postid=\"16605\" class=\"themify_builder_content themify_builder_content-16605 themify_builder tf_clear\">\n                    <div  data-parallax-bg=\"desktop\" data-css_id=\"7sso784\" data-lazy=\"1\" class=\"module_row themify_builder_row fullwidth_row_container tb_7sso784 tb_first tf_w\">\n            <span  class=\"builder_row_cover tf_abs\" data-lazy=\"1\"><\/span>            <div class=\"row_inner col_align_top tb_col_count_1 tf_box tf_rel\">\n                        <div  data-lazy=\"1\" class=\"module_column tb-column col-full tb_v3fu784 first\">\n                            <div  data-lazy=\"1\" class=\"module_subrow themify_builder_sub_row tf_w col_align_top tb_col_count_2 tb_ejts784\">\n                <div  data-lazy=\"1\" class=\"module_column sub_column col4-2 tb_jjw3784 first\">\n                    <!-- module text -->\n<div  class=\"module module-text tb_tksq784\" data-lazy=\"1\">\n        <div  class=\"tb_text_wrap\">\n        <h1>Hey, ich bin Janine.<\/h1>    <\/div>\n<\/div>\n<!-- \/module text --><!-- module text -->\n<div  class=\"module module-text tb_ie26784\" data-lazy=\"1\">\n        <div  class=\"tb_text_wrap\">\n        <p>Ich bin Diplom-P\u00e4dagogin mit Schwerpunkt Psychologie und ich kenne schmerzlich verlorene Freundschaften nicht nur aus der Theorie.<\/p>    <\/div>\n<\/div>\n<!-- \/module text -->        <\/div>\n                    <div  data-lazy=\"1\" class=\"module_column sub_column col4-2 tb_h4q6784 last\">\n                            <\/div>\n                    <\/div>\n                <\/div>\n                        <\/div>\n        <\/div>\n                        <div  data-lazy=\"1\" class=\"module_row themify_builder_row tb_al32980 tf_w\">\n                        <div class=\"row_inner col_align_top tb_col_count_3 tf_box tf_rel\">\n                        <div  data-lazy=\"1\" class=\"module_column tb-column col3-1 tb_pral980 first\">\n                            <\/div>\n                    <div  data-lazy=\"1\" class=\"module_column tb-column col3-1 tb_h9rx980\">\n                    <!-- module text -->\n<div  class=\"module module-text tb_ni81980\" data-lazy=\"1\">\n        <div  class=\"tb_text_wrap\">\n        <p>Ich wei\u00df, wie es ist, sich zu fragen, was man falsch gemacht hat, alles zu geben und trotzdem allein auf dem Sofa zu sitzen und niemanden zum Anrufen zu haben.<\/p>    <\/div>\n<\/div>\n<!-- \/module text -->        <\/div>\n                    <div  data-lazy=\"1\" class=\"module_column tb-column col3-1 tb_pk7y980 last\">\n                            <\/div>\n                        <\/div>\n        <\/div>\n                        <div  data-lazy=\"1\" class=\"module_row themify_builder_row tb_6f4m457 tf_w\">\n                        <div class=\"row_inner col_align_top tb_col_count_2 tf_box tf_rel\">\n                        <div  data-lazy=\"1\" class=\"module_column tb-column col4-2 tb_bwx0457 first\">\n                    <!-- module text -->\n<div  class=\"module module-text tb_hu9x457\" data-lazy=\"1\">\n        <div  class=\"tb_text_wrap\">\n        <h2>Von &#8222;Ich wei\u00df nicht warum.&#8220; Zu: Ich verstehe endlich, was passiert ist.<\/h2>\n<p class=\"font-claude-response-body break-words whitespace-normal leading-[1.7]\">Ich habe zwei beste Freundinnen verloren. Eine hat mich blockiert ohne ein Wort, ohne einen Grund. Die andere hat mich langsam aus ihrem Leben gestrichen. Ich habe es zu sp\u00e4t gemerkt, weil ich nicht wahrhaben wollte, was so offensichtlich war.<\/p>\n<p class=\"font-claude-response-body break-words whitespace-normal leading-[1.7]\">Ich habe lange geglaubt, dass ich einfach keine gute Freundin bin. Dass ich irgendetwas falsch mache.<\/p>\n<p class=\"font-claude-response-body break-words whitespace-normal leading-[1.7]\"><strong>Heute wei\u00df ich:<\/strong> <em>Es war kein Fehler. Es war ein Muster.<\/em><\/p>\n<p class=\"font-claude-response-body break-words whitespace-normal leading-[1.7]\">Diese Erkenntnis ist die Grundlage meiner Arbeit. Nicht irgendeine Theorie aus Lehrb\u00fcchern, sondern der Weg, den ich selbst gegangen bin.<\/p>    <\/div>\n<\/div>\n<!-- \/module text -->        <\/div>\n                    <div  data-lazy=\"1\" class=\"module_column tb-column col4-2 tb_zuph457 last\">\n                    <!-- module image -->\n<div  class=\"module module-image tb_ynen457 image-top   tf_mw\" data-lazy=\"1\">\n        <div class=\"image-wrap tf_rel tf_mw\">\n            <img decoding=\"async\" src=\"\/wp-content\/uploads\/2026\/04\/beste-freundin-ignoriert-meine-nachrichten.jpg\" title=\"About\" alt=\"About\">    \n        <\/div>\n    <!-- \/image-wrap -->\n    \n        <\/div>\n<!-- \/module image -->        <\/div>\n                        <\/div>\n        <\/div>\n                        <div  data-tablet_landscape-padding=\"10px,10px\" data-mobile-padding=\"4px,4px\" data-desktop-padding=\"22%,22%\" data-parallax-bg=\"desktop\" data-css_id=\"orgk229\" data-lazy=\"1\" class=\"module_row themify_builder_row fullwidth_row_container tb_orgk229 tf_w\">\n            <span  class=\"builder_row_cover tf_abs\" data-lazy=\"1\"><\/span>            <div class=\"row_inner col_align_top tb_col_count_1 tf_box tf_rel\">\n                        <div  data-lazy=\"1\" class=\"module_column tb-column col-full tb_3z3v229 first\">\n                    <!-- module text -->\n<div  class=\"module module-text tb_grt9229\" data-lazy=\"1\">\n        <div  class=\"tb_text_wrap\">\n        <h2>Eine Freundschaft endet nicht an dem Tag, an dem sie dich blockiert. Sie endet an dem Tag, an dem das Ungleichgewicht begann und du es nicht bemerkt hast.<\/h2>    <\/div>\n<\/div>\n<!-- \/module text --><!-- module buttons -->\n<div  class=\"module module-buttons tb_twdg229 buttons-horizontal solid button_blue\" data-lazy=\"1\">\n        <div class=\"module-buttons-item tf_in_flx\">\n                        <a href=\"\/en\/go\/\" class=\"ui builder_button tf_in_flx tb_default_color\"  id=\"button3\">\n                                                Ich will es verstehen                                        <\/a>\n                <\/div>\n            <\/div>\n<!-- \/module buttons -->\n        <\/div>\n                        <\/div>\n        <\/div>\n                        <div  data-lazy=\"1\" class=\"module_row themify_builder_row tb_l5wq982 tf_w\">\n                        <div class=\"row_inner col_align_top tb_col_count_2 tf_box tf_rel\">\n                        <div  data-lazy=\"1\" class=\"module_column tb-column col4-2 tb_4p8x982 first\">\n                    <!-- module image -->\n<div  class=\"module module-image tb_z0mg982 image-top   tf_mw\" data-lazy=\"1\">\n        <div class=\"image-wrap tf_rel tf_mw\">\n            <img decoding=\"async\" src=\"\/wp-content\/uploads\/2026\/04\/freundschaftsmuster-blockiert-meine-beziehungen.jpg\" title=\"About\" alt=\"About\">    \n        <\/div>\n    <!-- \/image-wrap -->\n    \n        <\/div>\n<!-- \/module image -->        <\/div>\n                    <div  data-lazy=\"1\" class=\"module_column tb-column col4-2 tb_lz4x982 last\">\n                    <!-- module text -->\n<div  class=\"module module-text tb_2dvl982\" data-lazy=\"1\">\n        <div  class=\"tb_text_wrap\">\n        <h2 data-start=\"877\" data-end=\"1111\">Mein Weg durch den Schmerz und was er mich gelehrt hat&#8230;<\/h2>\n<p class=\"font-claude-response-body break-words whitespace-normal leading-[1.7]\">Ich habe nicht verstanden, warum sie mich blockiert hat. Kein Gespr\u00e4ch, keine Erkl\u00e4rung. Einfach weg, als h\u00e4tte es unsere Freundschaft nie gegeben.<\/p>\n<p class=\"font-claude-response-body break-words whitespace-normal leading-[1.7]\">Die andere hat mich langsam ersetzt. Ich habe es in kleinen Momenten gesp\u00fcrt und trotzdem weggeschaut. <strong>Bis ich ihr Auto in der Einfahrt der Nachbarin sah, w\u00e4hrend sie mir erz\u00e4hlt hatte, sie habe keine Zeit.<\/strong> Wegen der Trennung, den Umzug, den neuen Typen und dem neuen Job.<\/p>\n<p class=\"font-claude-response-body break-words whitespace-normal leading-[1.7]\">Ich hab\u00b4s dann kapiert und aufgeh\u00f6rt, mich aktiv bei ihr zu melden. Seit dem habe ich nie wieder etwas von ihr geh\u00f6rt.<\/p>\n<p class=\"font-claude-response-body break-words whitespace-normal leading-[1.7]\">Danach habe ich alles abgebrochen, bin ins Ausland gezogen (und habe damit meinen Traum verwirklicht) und habe neu angefangen. Diesmal ohne mein Muster zu wiederholen.<\/p>\n<p class=\"font-claude-response-body break-words whitespace-normal leading-[1.7]\"><strong>Ich habe akzeptiert, dass nicht jede eine neue beste Freundin sein muss.<\/strong> Ich habe gelernt, Red Flags von Anfang an zu erkennen und ich habe aufgeh\u00f6rt, jede Freundschaft am BFF-Ideal zu messen, das ich noch aus Kindheitstagen mit mir trug.<\/p>\n<p class=\"font-claude-response-body break-words whitespace-normal leading-[1.7]\">Das hat mich befreit. Nicht vom Schmerz, aber von dem Muster, das ihn \u00fcberhaupt erst erzeugt hat. <strong>Mit diesem Blick begleite ich heute Frauen dabei, ihre eigenen Freundschaftsmuster zu verstehen, sich selbst wieder zu vertrauen und ihr Leben aktiv in die Hand zu nehmen.<\/strong><\/p>    <\/div>\n<\/div>\n<!-- \/module text --><!-- module buttons -->\n<div  class=\"module module-buttons tb_4z8q982 buttons-horizontal solid button_navy\" data-lazy=\"1\">\n        <div class=\"module-buttons-item tf_in_flx\">\n                        <a href=\"\/en\/go\/\" class=\"ui builder_button tf_in_flx tb_default_color\"  title=\"button5\">\n                                                kostenlose Muster-Analyse vereinbaren                                        <\/a>\n                <\/div>\n            <\/div>\n<!-- \/module buttons -->\n        <\/div>\n                        <\/div>\n        <\/div>\n                        <div  data-parallax-bg=\"desktop\" data-lazy=\"1\" class=\"module_row themify_builder_row tb_qleg751 tf_w\">\n            <span  class=\"builder_row_cover tf_abs\" data-lazy=\"1\"><\/span>            <div class=\"row_inner col_align_top tb_col_count_1 tf_box tf_rel\">\n                        <div  data-lazy=\"1\" class=\"module_column tb-column col-full tb_di16751 first\">\n                    <!-- module text -->\n<div  class=\"module module-text tb_yvcn751\" data-lazy=\"1\">\n        <div  class=\"tb_text_wrap\">\n        <h2>Der erste Schritt ist nicht der schwerste. Er ist nur der erste.<\/h2>\n<p>Starte mit dem kostenlosen<br>Quiz: <em>Welcher Freundinnen-Typ bist du?<\/em><\/p>    <\/div>\n<\/div>\n<!-- \/module text --><!-- module buttons -->\n<div  class=\"module module-buttons tb_0h7z751 buttons-horizontal solid button_blue\" data-lazy=\"1\">\n        <div class=\"module-buttons-item tf_in_flx\">\n                        <a href=\"\/en\/lp-freundin-typ-test\/\" class=\"ui builder_button tf_in_flx tb_default_color\"  id=\"button4\">\n                                                JETZT MEINen Typ HERAUSFINDEN                                        <\/a>\n                <\/div>\n            <\/div>\n<!-- \/module buttons -->\n        <\/div>\n                        <\/div>\n        <\/div>\n        <\/div>\n<!--\/themify_builder_content-->","protected":false},"excerpt":{"rendered":"<p>Hey, ich bin Janine.<\/p>","protected":false},"author":2,"featured_media":0,"parent":0,"menu_order":0,"comment_status":"closed","ping_status":"closed","template":"","meta":{"footnotes":""},"class_list":["post-16605","page","type-page","status-publish","hentry","has-post-title","has-post-date","has-post-category","has-post-tag","has-post-comment","has-post-author",""],"yoast_head":"<!-- This site is optimized with the Yoast SEO Premium plugin v27.2 (Yoast SEO v27.2) - https:\/\/yoast.com\/product\/yoast-seo-premium-wordpress\/ -->\n<title>About - With Janine<\/title>\n<meta name=\"robots\" content=\"noindex, follow, max-snippet:-1, max-image-preview:large, max-video-preview:-1\" \/>\n<meta property=\"og:locale\" content=\"en_US\" \/>\n<meta property=\"og:type\" content=\"article\" \/>\n<meta property=\"og:title\" content=\"About\" \/>\n<meta property=\"og:description\" content=\"Hey, ich bin Janine.\" \/>\n<meta property=\"og:url\" content=\"https:\/\/withjanine.com\/en\/about\/\" \/>\n<meta property=\"og:site_name\" content=\"With Janine\" \/>\n<meta property=\"article:modified_time\" content=\"2026-04-13T11:37:13+00:00\" \/>\n<meta name=\"twitter:card\" content=\"summary_large_image\" \/>\n<script type=\"application\/ld+json\" class=\"yoast-schema-graph\">{\"@context\":\"https:\/\/schema.org\",\"@graph\":[{\"@type\":\"WebPage\",\"@id\":\"https:\/\/withjanine.com\/about\",\"url\":\"https:\/\/withjanine.com\/about\",\"name\":\"About - With Janine\",\"isPartOf\":{\"@id\":\"https:\/\/withjanine.com\/#website\"},\"datePublished\":\"2026-02-10T13:11:30+00:00\",\"dateModified\":\"2026-04-13T11:37:13+00:00\",\"breadcrumb\":{\"@id\":\"https:\/\/withjanine.com\/about#breadcrumb\"},\"inLanguage\":\"en-US\",\"potentialAction\":[{\"@type\":\"ReadAction\",\"target\":[\"https:\/\/withjanine.com\/about\"]}]},{\"@type\":\"BreadcrumbList\",\"@id\":\"https:\/\/withjanine.com\/about#breadcrumb\",\"itemListElement\":[{\"@type\":\"ListItem\",\"position\":1,\"name\":\"Start\",\"item\":\"https:\/\/withjanine.com\/\"},{\"@type\":\"ListItem\",\"position\":2,\"name\":\"About\"}]},{\"@type\":\"WebSite\",\"@id\":\"https:\/\/withjanine.com\/#website\",\"url\":\"https:\/\/withjanine.com\/\",\"name\":\"With Janine\",\"description\":\"\",\"potentialAction\":[{\"@type\":\"SearchAction\",\"target\":{\"@type\":\"EntryPoint\",\"urlTemplate\":\"https:\/\/withjanine.com\/?s={search_term_string}\"},\"query-input\":{\"@type\":\"PropertyValueSpecification\",\"valueRequired\":true,\"valueName\":\"search_term_string\"}}],\"inLanguage\":\"en-US\"}]}<\/script>\n<!-- \/ Yoast SEO Premium plugin. -->","yoast_head_json":{"title":"About - With Janine","robots":{"index":"noindex","follow":"follow","max-snippet":"max-snippet:-1","max-image-preview":"max-image-preview:large","max-video-preview":"max-video-preview:-1"},"og_locale":"en_US","og_type":"article","og_title":"About","og_description":"Hey, ich bin Janine.","og_url":"https:\/\/withjanine.com\/en\/about\/","og_site_name":"With Janine","article_modified_time":"2026-04-13T11:37:13+00:00","twitter_card":"summary_large_image","schema":{"@context":"https:\/\/schema.org","@graph":[{"@type":"WebPage","@id":"https:\/\/withjanine.com\/about","url":"https:\/\/withjanine.com\/about","name":"About - With Janine","isPartOf":{"@id":"https:\/\/withjanine.com\/#website"},"datePublished":"2026-02-10T13:11:30+00:00","dateModified":"2026-04-13T11:37:13+00:00","breadcrumb":{"@id":"https:\/\/withjanine.com\/about#breadcrumb"},"inLanguage":"en-US","potentialAction":[{"@type":"ReadAction","target":["https:\/\/withjanine.com\/about"]}]},{"@type":"BreadcrumbList","@id":"https:\/\/withjanine.com\/about#breadcrumb","itemListElement":[{"@type":"ListItem","position":1,"name":"Start","item":"https:\/\/withjanine.com\/"},{"@type":"ListItem","position":2,"name":"About"}]},{"@type":"WebSite","@id":"https:\/\/withjanine.com\/#website","url":"https:\/\/withjanine.com\/","name":"With Janine","description":"","potentialAction":[{"@type":"SearchAction","target":{"@type":"EntryPoint","urlTemplate":"https:\/\/withjanine.com\/?s={search_term_string}"},"query-input":{"@type":"PropertyValueSpecification","valueRequired":true,"valueName":"search_term_string"}}],"inLanguage":"en-US"}]}},"builder_content":"<h1>Hey, ich bin Janine.<\/h1>\n<p>Ich bin Diplom-P\u00e4dagogin mit Schwerpunkt Psychologie und ich kenne schmerzlich verlorene Freundschaften nicht nur aus der Theorie.<\/p>\n<p>Ich wei\u00df, wie es ist, sich zu fragen, was man falsch gemacht hat, alles zu geben und trotzdem allein auf dem Sofa zu sitzen und niemanden zum Anrufen zu haben.<\/p>\n<h2>Von \"Ich wei\u00df nicht warum.\" Zu: Ich verstehe endlich, was passiert ist.<\/h2> <p>Ich habe zwei beste Freundinnen verloren. Eine hat mich blockiert ohne ein Wort, ohne einen Grund. Die andere hat mich langsam aus ihrem Leben gestrichen. Ich habe es zu sp\u00e4t gemerkt, weil ich nicht wahrhaben wollte, was so offensichtlich war.<\/p> <p>Ich habe lange geglaubt, dass ich einfach keine gute Freundin bin. Dass ich irgendetwas falsch mache.<\/p> <p><strong>Heute wei\u00df ich:<\/strong> <em>Es war kein Fehler. Es war ein Muster.<\/em><\/p> <p>Diese Erkenntnis ist die Grundlage meiner Arbeit. Nicht irgendeine Theorie aus Lehrb\u00fcchern, sondern der Weg, den ich selbst gegangen bin.<\/p>\n<img src=\"\/wp-content\/uploads\/2026\/04\/beste-freundin-ignoriert-meine-nachrichten.jpg\" title=\"About\" alt=\"About\">\n<h2>Eine Freundschaft endet nicht an dem Tag, an dem sie dich blockiert. Sie endet an dem Tag, an dem das Ungleichgewicht begann und du es nicht bemerkt hast.<\/h2>\n<a href=\"\/go\" id=\"button3\"> Ich will es verstehen <\/a>\n<img src=\"\/wp-content\/uploads\/2026\/04\/freundschaftsmuster-blockiert-meine-beziehungen.jpg\" title=\"About\" alt=\"About\">\n<h2 data-start=\"877\" data-end=\"1111\">Mein Weg durch den Schmerz und was er mich gelehrt hat...<\/h2> <p>Ich habe nicht verstanden, warum sie mich blockiert hat. Kein Gespr\u00e4ch, keine Erkl\u00e4rung. Einfach weg, als h\u00e4tte es unsere Freundschaft nie gegeben.<\/p> <p>Die andere hat mich langsam ersetzt. Ich habe es in kleinen Momenten gesp\u00fcrt und trotzdem weggeschaut. <strong>Bis ich ihr Auto in der Einfahrt der Nachbarin sah, w\u00e4hrend sie mir erz\u00e4hlt hatte, sie habe keine Zeit.<\/strong> Wegen der Trennung, den Umzug, den neuen Typen und dem neuen Job.<\/p> <p>Ich hab\u00b4s dann kapiert und aufgeh\u00f6rt, mich aktiv bei ihr zu melden. Seit dem habe ich nie wieder etwas von ihr geh\u00f6rt.<\/p> <p>Danach habe ich alles abgebrochen, bin ins Ausland gezogen (und habe damit meinen Traum verwirklicht) und habe neu angefangen. Diesmal ohne mein Muster zu wiederholen.<\/p> <p><strong>Ich habe akzeptiert, dass nicht jede eine neue beste Freundin sein muss.<\/strong> Ich habe gelernt, Red Flags von Anfang an zu erkennen und ich habe aufgeh\u00f6rt, jede Freundschaft am BFF-Ideal zu messen, das ich noch aus Kindheitstagen mit mir trug.<\/p> <p>Das hat mich befreit. Nicht vom Schmerz, aber von dem Muster, das ihn \u00fcberhaupt erst erzeugt hat. <strong>Mit diesem Blick begleite ich heute Frauen dabei, ihre eigenen Freundschaftsmuster zu verstehen, sich selbst wieder zu vertrauen und ihr Leben aktiv in die Hand zu nehmen.<\/strong><\/p>\n<a href=\"\/go\" title=\"button5\"> kostenlose Muster-Analyse vereinbaren <\/a>\n<h2>Der erste Schritt ist nicht der schwerste. Er ist nur der erste.<\/h2> <p>Starte mit dem kostenlosen<br>Quiz: <em>Welcher Freundinnen-Typ bist du?<\/em><\/p>\n<a href=\"\/lp-freundin-typ-test\" id=\"button4\"> JETZT MEINen Typ HERAUSFINDEN <\/a>","_links":{"self":[{"href":"https:\/\/withjanine.com\/en\/wp-json\/wp\/v2\/pages\/16605","targetHints":{"allow":["GET"]}}],"collection":[{"href":"https:\/\/withjanine.com\/en\/wp-json\/wp\/v2\/pages"}],"about":[{"href":"https:\/\/withjanine.com\/en\/wp-json\/wp\/v2\/types\/page"}],"author":[{"embeddable":true,"href":"https:\/\/withjanine.com\/en\/wp-json\/wp\/v2\/users\/2"}],"replies":[{"embeddable":true,"href":"https:\/\/withjanine.com\/en\/wp-json\/wp\/v2\/comments?post=16605"}],"version-history":[{"count":130,"href":"https:\/\/withjanine.com\/en\/wp-json\/wp\/v2\/pages\/16605\/revisions"}],"predecessor-version":[{"id":18514,"href":"https:\/\/withjanine.com\/en\/wp-json\/wp\/v2\/pages\/16605\/revisions\/18514"}],"wp:attachment":[{"href":"https:\/\/withjanine.com\/en\/wp-json\/wp\/v2\/media?parent=16605"}],"curies":[{"name":"wp","href":"https:\/\/api.w.org\/{rel}","templated":true}]}}