{"id":16606,"date":"2026-02-10T14:11:32","date_gmt":"2026-02-10T13:11:32","guid":{"rendered":"https:\/\/panicshift.com\/?page_id=16606"},"modified":"2026-04-15T10:49:13","modified_gmt":"2026-04-15T08:49:13","slug":"kontakt","status":"publish","type":"page","link":"https:\/\/withjanine.com\/en\/kontakt","title":{"rendered":"Kontakt"},"content":{"rendered":"<!--themify_builder_content-->\n<div id=\"themify_builder_content-16606\" data-postid=\"16606\" class=\"themify_builder_content themify_builder_content-16606 themify_builder tf_clear\">\n                    <div  data-css_id=\"7s4e624\" data-lazy=\"1\" class=\"module_row themify_builder_row fullwidth tb_7s4e624 tb_first tf_w\">\n                        <div class=\"row_inner col_align_middle tb_col_count_2 tf_box tf_rel\">\n                        <div  data-lazy=\"1\" class=\"module_column tb-column col4-2 tb_oihk624 first\">\n                    <!-- module text -->\n<div  class=\"module module-text tb_vo01624 not_visible_on_others\" data-lazy=\"1\">\n        <div  class=\"tb_text_wrap\">\n        <h1>Schreib mir!<\/h1>    <\/div>\n<\/div>\n<!-- \/module text --><!-- module text -->\n<div  class=\"module module-text tb_69g4624 not_visible_on_others\" data-lazy=\"1\">\n        <div  class=\"tb_text_wrap\">\n        <h3 data-start=\"521\" data-end=\"573\">Genug damit, nicht zu verstehen warum?<\/h3>\n<p class=\"font-claude-response-body break-words whitespace-normal leading-[1.7]\">Du willst verstehen, was wirklich hinter deinen Freundschaftsverlusten steckt und Schritt f\u00fcr Schritt zu Verbindungen kommen, die wirklich funktionieren?<\/p>\n<p data-start=\"1849\" data-end=\"1873\">Dann melde dich bei mir.<\/p>    <\/div>\n<\/div>\n<!-- \/module text --><!-- module image -->\n<div  class=\"module module-image tb_d04p624 image-top   tf_mw\" data-lazy=\"1\">\n        <div class=\"image-wrap tf_rel tf_mw\">\n            <img decoding=\"async\" src=\"\/wp-content\/uploads\/2026\/04\/freundschaft-ende-ohne-warum-erklaerung.jpg\" title=\"Kontakt\" alt=\"Kontakt\">    \n        <\/div>\n    <!-- \/image-wrap -->\n    \n        <\/div>\n<!-- \/module image --><!-- module text -->\n<div  class=\"module module-text tb_crk0624\" data-lazy=\"1\">\n        <div  class=\"tb_text_wrap\">\n        <p>Ich freue mich, von dir zu h\u00f6ren! Ich beantworte alle E-Mails innerhalb meiner normalen Gesch\u00e4ftszeiten Mo-Do, 10-16 Uhr und oft auch dar\u00fcber hinaus.<\/p>\n<p>Verwende das Formular, schreib mir an: info[@]withjanine.com<\/p>    <\/div>\n<\/div>\n<!-- \/module text -->        <div  data-lazy=\"1\" class=\"module_subrow themify_builder_sub_row tf_w col_align_top tb_col_count_4 tb_0cn9624\">\n                <div  data-lazy=\"1\" class=\"module_column sub_column col4-1 tb_3eky624 first\">\n                    <!-- module image -->\n<div  class=\"module module-image tb_6ysv624 image-top   tf_mw\" data-lazy=\"1\">\n        <div class=\"image-wrap tf_rel tf_mw\">\n            <a href=\"https:\/\/www.instagram.com\/beside.withjanine\/\" rel=\"noopener\" target=\"_blank\">\n                   <img loading=\"lazy\" decoding=\"async\" src=\"\/wp-content\/uploads\/2026\/04\/Insta-beside-beste-Freundin.png\" width=\"25\" height=\"25\" title=\"Kontakt\" alt=\"Kontakt\">        <\/a>\n    \n        <\/div>\n    <!-- \/image-wrap -->\n    \n        <\/div>\n<!-- \/module image -->        <\/div>\n                    <div  data-lazy=\"1\" class=\"module_column sub_column col4-1 tb_vl2x624\">\n                    <!-- module image -->\n<div  class=\"module module-image tb_5qwg624 image-top   tf_mw\" data-lazy=\"1\">\n        <div class=\"image-wrap tf_rel tf_mw\">\n            <a href=\"https:\/\/www.youtube.com\/@Beside.withJanine\" rel=\"noopener\" target=\"_blank\">\n                   <img loading=\"lazy\" decoding=\"async\" src=\"\/wp-content\/uploads\/2026\/04\/YouTube-beside-beste-Freundin.png\" width=\"25\" height=\"25\" title=\"Kontakt\" alt=\"Kontakt\">        <\/a>\n    \n        <\/div>\n    <!-- \/image-wrap -->\n    \n        <\/div>\n<!-- \/module image -->        <\/div>\n                    <div  data-lazy=\"1\" class=\"module_column sub_column col4-1 tb_dw3x624\">\n                            <\/div>\n                    <div  data-lazy=\"1\" class=\"module_column sub_column col4-1 tb_jcz5624 last\">\n                            <\/div>\n                    <\/div>\n                <\/div>\n                    <div  data-lazy=\"1\" class=\"module_column tb-column col4-2 tb_4jk6624 last\">\n                    <!-- module text -->\n<div  class=\"module module-text tb_8fhn624 not_visible_on_mobile\" data-lazy=\"1\">\n        <div  class=\"tb_text_wrap\">\n        <h1>Schreib mir!<\/h1>    <\/div>\n<\/div>\n<!-- \/module text --><!-- module text -->\n<div  class=\"module module-text tb_8eqh624 not_visible_on_mobile\" data-lazy=\"1\">\n        <div  class=\"tb_text_wrap\">\n        <h3 data-start=\"521\" data-end=\"573\">Genug damit, nicht zu verstehen warum?<\/h3>\n<p class=\"font-claude-response-body break-words whitespace-normal leading-[1.7]\">Du willst verstehen, was wirklich hinter deinen Freundschaftsverlusten steckt und Schritt f\u00fcr Schritt zu Verbindungen kommen, die wirklich funktionieren?<\/p>\n<p data-start=\"1849\" data-end=\"1873\">Dann melde dich bei mir.<\/p>    <\/div>\n<\/div>\n<!-- \/module text --><!-- module text -->\n<div  class=\"module module-text tb_wuvq624\" data-lazy=\"1\">\n        <div  class=\"tb_text_wrap\">\n        <style id=\"wpforms-css-vars-17190\">\n\t\t\t\t#wpforms-17190 {\n\t\t\t\t--wpforms-field-size-input-height: 43px;\n--wpforms-field-size-input-spacing: 15px;\n--wpforms-field-size-font-size: 16px;\n--wpforms-field-size-line-height: 19px;\n--wpforms-field-size-padding-h: 14px;\n--wpforms-field-size-checkbox-size: 16px;\n--wpforms-field-size-sublabel-spacing: 5px;\n--wpforms-field-size-icon-size: 1;\n--wpforms-label-size-font-size: 16px;\n--wpforms-label-size-line-height: 19px;\n--wpforms-label-size-sublabel-font-size: 14px;\n--wpforms-label-size-sublabel-line-height: 17px;\n--wpforms-button-size-font-size: 17px;\n--wpforms-button-size-height: 41px;\n--wpforms-button-size-padding-h: 15px;\n--wpforms-button-size-margin-top: 10px;\n--wpforms-container-shadow-size-box-shadow: none;\n\t\t\t}\n\t\t\t<\/style><div class=\"wpforms-container wpforms-container-full formular_light wpforms-render-modern\" id=\"wpforms-17190\"><form id=\"wpforms-form-17190\" class=\"wpforms-validate wpforms-form wpforms-ajax-form\" data-formid=\"17190\" method=\"post\" enctype=\"multipart\/form-data\" action=\"\/en\/wp-json\/wp\/v2\/pages\/16606\" data-token=\"e539ffa0e8c4620c562907b08e6d3849\" data-token-time=\"1777655239\" data-trp-original-action=\"\/en\/wp-json\/wp\/v2\/pages\/16606\"><noscript class=\"wpforms-error-noscript\">Please enable JavaScript in your browser to complete this form.<\/noscript><div id=\"wpforms-error-noscript\" style=\"display: none;\">Please enable JavaScript in your browser to complete this form.<\/div><div class=\"wpforms-field-container\"><div id=\"wpforms-17190-field_7-container\" class=\"wpforms-field wpforms-field-layout\" data-field-id=\"7\"><div class=\"wpforms-field-layout-rows wpforms-field-large\"><div class=\"wpforms-layout-row\"><div class=\"wpforms-layout-column wpforms-layout-column-50\"><div id=\"wpforms-17190-field_5-container\" class=\"wpforms-field wpforms-field-text\" data-field-id=\"5\"><label class=\"wpforms-field-label wpforms-label-hide\" for=\"wpforms-17190-field_5\" aria-hidden=\"false\">Vorname<\/label><input type=\"text\" id=\"wpforms-17190-field_5\" class=\"wpforms-field-small\" name=\"wpforms[fields][5]\" placeholder=\"Vorname\" aria-errormessage=\"wpforms-17190-field_5-error\" ><\/div><\/div><div class=\"wpforms-layout-column wpforms-layout-column-50\"><div id=\"wpforms-17190-field_6-container\" class=\"wpforms-field wpforms-field-text\" data-field-id=\"6\"><label class=\"wpforms-field-label wpforms-label-hide\" for=\"wpforms-17190-field_6\" aria-hidden=\"false\">Nachname<\/label><input type=\"text\" id=\"wpforms-17190-field_6\" class=\"wpforms-field-medium\" name=\"wpforms[fields][6]\" placeholder=\"Nachname\" aria-errormessage=\"wpforms-17190-field_6-error\" ><\/div><\/div><\/div><\/div><\/div><div id=\"wpforms-17190-field_2-container\" class=\"wpforms-field wpforms-field-email\" data-field-id=\"2\"><label class=\"wpforms-field-label wpforms-label-hide\" for=\"wpforms-17190-field_2\" aria-hidden=\"false\">E-Mail-Adresse <span class=\"wpforms-required-label\" aria-hidden=\"true\">*<\/span><\/label><input type=\"email\" id=\"wpforms-17190-field_2\" class=\"wpforms-field-large wpforms-field-required\" name=\"wpforms[fields][2]\" placeholder=\"E-Mail-Adresse\" spellcheck=\"false\" aria-errormessage=\"wpforms-17190-field_2-error\" required><\/div><div id=\"wpforms-17190-field_4-container\" class=\"wpforms-field wpforms-field-phone\" data-field-id=\"4\"><label class=\"wpforms-field-label wpforms-label-hide\" for=\"wpforms-17190-field_4\" aria-hidden=\"false\">WhatsApp<\/label><input type=\"tel\" id=\"wpforms-17190-field_4\" class=\"wpforms-field-large wpforms-smart-phone-field\" data-rule-smart-phone-field=\"true\" name=\"wpforms[fields][4]\" placeholder=\"WhatsApp\" aria-label=\"WhatsApp\" aria-errormessage=\"wpforms-17190-field_4-error\" ><\/div>\t\t<div id=\"wpforms-17190-field_1-container\"\n\t\t\tclass=\"wpforms-field wpforms-field-text\"\n\t\t\tdata-field-type=\"text\"\n\t\t\tdata-field-id=\"1\"\n\t\t\t>\n\t\t\t<label class=\"wpforms-field-label\" for=\"wpforms-17190-field_1\" >WhatsApp Vorname Nachname<\/label>\n\t\t\t<input type=\"text\" id=\"wpforms-17190-field_1\" class=\"wpforms-field-medium\" name=\"wpforms[fields][1]\" >\n\t\t<\/div>\n\t\t<div id=\"wpforms-17190-field_9-container\" class=\"wpforms-field wpforms-field-textarea\" data-field-id=\"9\"><label class=\"wpforms-field-label wpforms-label-hide\" for=\"wpforms-17190-field_9\" aria-hidden=\"false\">Deine Nachricht<\/label><textarea id=\"wpforms-17190-field_9\" class=\"wpforms-field-medium\" name=\"wpforms[fields][9]\" placeholder=\"Deine Nachricht\" aria-errormessage=\"wpforms-17190-field_9-error\" ><\/textarea><\/div><div id=\"wpforms-17190-field_10-container\" class=\"wpforms-field wpforms-field-gdpr-checkbox\" data-field-id=\"10\"><label class=\"wpforms-field-label\">DSGVO-Einverst\u00e4ndnis <span class=\"wpforms-required-label\" aria-hidden=\"true\">*<\/span><\/label><ul id=\"wpforms-17190-field_10\" class=\"wpforms-field-required\"><li class=\"choice-1\"><input type=\"checkbox\" id=\"wpforms-17190-field_10_1\" name=\"wpforms[fields][10][]\" value=\"Ich willige ein, dass diese Website meine \u00fcbermittelten Informationen speichert, sodass meine Anfrage beantwortet werden kann.\" aria-errormessage=\"wpforms-17190-field_10_1-error\" required><label class=\"wpforms-field-label-inline\" for=\"wpforms-17190-field_10_1\">Ich willige ein, dass diese Website meine \u00fcbermittelten Informationen speichert, sodass meine Anfrage beantwortet werden kann.<\/label><\/li><\/ul><\/div><script>\n\t\t\t\t( function() {\n\t\t\t\t\tconst style = document.createElement( 'style' );\n\t\t\t\t\tstyle.appendChild( document.createTextNode( '#wpforms-17190-field_1-container { position: absolute !important; overflow: hidden !important; display: inline !important; height: 1px !important; width: 1px !important; z-index: -1000 !important; padding: 0 !important; } #wpforms-17190-field_1-container input { visibility: hidden; } #wpforms-conversational-form-page #wpforms-17190-field_1-container label { counter-increment: none; }' ) );\n\t\t\t\t\tdocument.head.appendChild( style );\n\t\t\t\t\tdocument.currentScript?.remove();\n\t\t\t\t} )();\n\t\t\t<\/script><\/div><!-- .wpforms-field-container --><div class=\"wpforms-recaptcha-container wpforms-is-turnstile\" ><div class=\"cf-turnstile\" data-sitekey=\"0x4AAAAAAC04qM6IZFOtKBlm\" data-action=\"FormID-17190\"><\/div><input type=\"text\" name=\"g-recaptcha-hidden\" class=\"wpforms-recaptcha-hidden\" style=\"position:absolute!important;clip:rect(0,0,0,0)!important;height:1px!important;width:1px!important;border:0!important;overflow:hidden!important;padding:0!important;margin:0!important;\" data-rule-turnstile=\"1\"><\/div><div class=\"wpforms-submit-container\" ><input type=\"hidden\" name=\"wpforms[id]\" value=\"17190\"><input type=\"hidden\" name=\"page_title\" value=\"\"><input type=\"hidden\" name=\"page_url\" value=\"https:\/\/withjanine.com\/en\/wp-json\/wp\/v2\/pages\/16606\"><input type=\"hidden\" name=\"url_referer\" value=\"\"><button type=\"submit\" name=\"wpforms[submit]\" id=\"wpforms-submit-17190\" class=\"wpforms-submit button_formular\" data-alt-text=\"Wird gesendet\u00a0\u2026\" data-submit-text=\"Senden\" aria-live=\"assertive\" value=\"wpforms-submit\">Senden<\/button><img loading=\"lazy\" decoding=\"async\" src=\"https:\/\/withjanine.com\/wp-content\/plugins\/wpforms\/assets\/images\/submit-spin.svg\" class=\"wpforms-submit-spinner\" style=\"display: none;\" width=\"26\" height=\"26\" alt=\"Loading\"><\/div><input type=\"hidden\" name=\"trp-form-language\" value=\"en\"\/><\/form><\/div>  <!-- .wpforms-container -->    <\/div>\n<\/div>\n<!-- \/module text -->        <\/div>\n                        <\/div>\n        <\/div>\n                        <div  data-lazy=\"1\" class=\"module_row themify_builder_row tb_4lqg83 tf_w\">\n                        <div class=\"row_inner col_align_top tb_col_count_2 tf_box tf_rel\">\n                        <div  data-lazy=\"1\" class=\"module_column tb-column col4-2 tb_3e2l83 first\">\n                    <!-- module image -->\n<div  class=\"module module-image tb_h8wz83 image-top   tf_mw\" data-lazy=\"1\">\n        <div class=\"image-wrap tf_rel tf_mw\">\n            <img decoding=\"async\" src=\"\/wp-content\/uploads\/2026\/04\/beside_freundin_typ_test.png\" title=\"Kontakt\" alt=\"Kontakt\">    \n        <\/div>\n    <!-- \/image-wrap -->\n    \n        <\/div>\n<!-- \/module image -->        <\/div>\n                    <div  data-lazy=\"1\" class=\"module_column tb-column col4-2 tb_46dm83 last\">\n                    <!-- module text -->\n<div  class=\"module module-text tb_vkgy83\" data-lazy=\"1\">\n        <div  class=\"tb_text_wrap\">\n        <h2>Kostenloser Test<\/h2>    <\/div>\n<\/div>\n<!-- \/module text --><!-- module text -->\n<div  class=\"module module-text tb_q09183\" data-lazy=\"1\">\n        <div  class=\"tb_text_wrap\">\n        <h2>Welcher Freundin-Typ bist du?<\/h2>\n<p class=\"font-claude-response-body break-words whitespace-normal leading-[1.7]\">Du bist immer f\u00fcr andere da und gibst so viel in deinen Freundschaften. Und dennoch merkst du: Diese Freundschaft f\u00fchlt sich so einseitig an, oder sie endet pl\u00f6tzlich wortlos, ohne ein einziges Warum.<\/p>\n<p class=\"font-claude-response-body break-words whitespace-normal leading-[1.7]\">Doch was, wenn das kein Zufall ist? Was, wenn es ein Muster gibt, das sich immer wiederholt?<\/p>\n<p class=\"font-claude-response-body break-words whitespace-normal leading-[1.7]\">Bevor du weiter an dir zweifelst, finde heraus: <strong>Welcher Freundin-Typ du bist<\/strong> und warum deine Freundschaften immer nach dem gleichen Muster ablaufen.<\/p>    <\/div>\n<\/div>\n<!-- \/module text --><!-- module buttons -->\n<div  class=\"module module-buttons tb_u1af83 buttons-horizontal solid button_blue\" data-lazy=\"1\">\n        <div class=\"module-buttons-item tf_in_flx\">\n                        <a href=\"\/en\/lp-freundin-typ-test\/\" class=\"ui builder_button tf_in_flx tb_default_color\" >\n                                                Jetzt Freundin-Typ herausfinden                                        <\/a>\n                <\/div>\n            <\/div>\n<!-- \/module buttons -->\n        <\/div>\n                        <\/div>\n        <\/div>\n        <\/div>\n<!--\/themify_builder_content-->","protected":false},"excerpt":{"rendered":"<p>Schreib mir!<\/p>","protected":false},"author":2,"featured_media":0,"parent":0,"menu_order":0,"comment_status":"closed","ping_status":"closed","template":"","meta":{"footnotes":""},"class_list":["post-16606","page","type-page","status-publish","hentry","has-post-title","has-post-date","has-post-category","has-post-tag","has-post-comment","has-post-author",""],"yoast_head":"<!-- This site is optimized with the Yoast SEO Premium plugin v27.2 (Yoast SEO v27.2) - https:\/\/yoast.com\/product\/yoast-seo-premium-wordpress\/ -->\n<title>Kontakt - With Janine<\/title>\n<meta name=\"robots\" content=\"noindex, nofollow\" \/>\n<meta property=\"og:locale\" content=\"en_US\" \/>\n<meta property=\"og:type\" content=\"article\" \/>\n<meta property=\"og:title\" content=\"Kontakt\" \/>\n<meta property=\"og:description\" content=\"Schreib mir!\" \/>\n<meta property=\"og:url\" content=\"https:\/\/withjanine.com\/en\/kontakt\/\" \/>\n<meta property=\"og:site_name\" content=\"With Janine\" \/>\n<meta property=\"article:modified_time\" content=\"2026-04-15T08:49:13+00:00\" \/>\n<meta name=\"twitter:card\" content=\"summary_large_image\" \/>\n<meta name=\"twitter:label1\" content=\"Est. reading time\" \/>\n\t<meta name=\"twitter:data1\" content=\"4 minutes\" \/>\n<script type=\"application\/ld+json\" class=\"yoast-schema-graph\">{\"@context\":\"https:\/\/schema.org\",\"@graph\":[{\"@type\":\"WebPage\",\"@id\":\"https:\/\/withjanine.com\/kontakt\",\"url\":\"https:\/\/withjanine.com\/kontakt\",\"name\":\"Kontakt - With Janine\",\"isPartOf\":{\"@id\":\"https:\/\/withjanine.com\/#website\"},\"datePublished\":\"2026-02-10T13:11:32+00:00\",\"dateModified\":\"2026-04-15T08:49:13+00:00\",\"breadcrumb\":{\"@id\":\"https:\/\/withjanine.com\/kontakt#breadcrumb\"},\"inLanguage\":\"en-US\",\"potentialAction\":[{\"@type\":\"ReadAction\",\"target\":[\"https:\/\/withjanine.com\/kontakt\"]}]},{\"@type\":\"BreadcrumbList\",\"@id\":\"https:\/\/withjanine.com\/kontakt#breadcrumb\",\"itemListElement\":[{\"@type\":\"ListItem\",\"position\":1,\"name\":\"Start\",\"item\":\"https:\/\/withjanine.com\/\"},{\"@type\":\"ListItem\",\"position\":2,\"name\":\"Kontakt\"}]},{\"@type\":\"WebSite\",\"@id\":\"https:\/\/withjanine.com\/#website\",\"url\":\"https:\/\/withjanine.com\/\",\"name\":\"With Janine\",\"description\":\"\",\"potentialAction\":[{\"@type\":\"SearchAction\",\"target\":{\"@type\":\"EntryPoint\",\"urlTemplate\":\"https:\/\/withjanine.com\/?s={search_term_string}\"},\"query-input\":{\"@type\":\"PropertyValueSpecification\",\"valueRequired\":true,\"valueName\":\"search_term_string\"}}],\"inLanguage\":\"en-US\"}]}<\/script>\n<!-- \/ Yoast SEO Premium plugin. -->","yoast_head_json":{"title":"Kontakt - With Janine","robots":{"index":"noindex","follow":"nofollow"},"og_locale":"en_US","og_type":"article","og_title":"Kontakt","og_description":"Schreib mir!","og_url":"https:\/\/withjanine.com\/en\/kontakt\/","og_site_name":"With Janine","article_modified_time":"2026-04-15T08:49:13+00:00","twitter_card":"summary_large_image","twitter_misc":{"Est. reading time":"4 minutes"},"schema":{"@context":"https:\/\/schema.org","@graph":[{"@type":"WebPage","@id":"https:\/\/withjanine.com\/kontakt","url":"https:\/\/withjanine.com\/kontakt","name":"Kontakt - With Janine","isPartOf":{"@id":"https:\/\/withjanine.com\/#website"},"datePublished":"2026-02-10T13:11:32+00:00","dateModified":"2026-04-15T08:49:13+00:00","breadcrumb":{"@id":"https:\/\/withjanine.com\/kontakt#breadcrumb"},"inLanguage":"en-US","potentialAction":[{"@type":"ReadAction","target":["https:\/\/withjanine.com\/kontakt"]}]},{"@type":"BreadcrumbList","@id":"https:\/\/withjanine.com\/kontakt#breadcrumb","itemListElement":[{"@type":"ListItem","position":1,"name":"Start","item":"https:\/\/withjanine.com\/"},{"@type":"ListItem","position":2,"name":"Kontakt"}]},{"@type":"WebSite","@id":"https:\/\/withjanine.com\/#website","url":"https:\/\/withjanine.com\/","name":"With Janine","description":"","potentialAction":[{"@type":"SearchAction","target":{"@type":"EntryPoint","urlTemplate":"https:\/\/withjanine.com\/?s={search_term_string}"},"query-input":{"@type":"PropertyValueSpecification","valueRequired":true,"valueName":"search_term_string"}}],"inLanguage":"en-US"}]}},"builder_content":"<h1>Schreib mir!<\/h1>\n<h3 data-start=\"521\" data-end=\"573\">Genug damit, nicht zu verstehen warum?<\/h3> <p>Du willst verstehen, was wirklich hinter deinen Freundschaftsverlusten steckt und Schritt f\u00fcr Schritt zu Verbindungen kommen, die wirklich funktionieren?<\/p> <p data-start=\"1849\" data-end=\"1873\">Dann melde dich bei mir.<\/p>\n<img src=\"\/wp-content\/uploads\/2026\/04\/freundschaft-ende-ohne-warum-erklaerung.jpg\" title=\"Kontakt\" alt=\"Kontakt\">\n<p>Ich freue mich, von dir zu h\u00f6ren! Ich beantworte alle E-Mails innerhalb meiner normalen Gesch\u00e4ftszeiten Mo-Do, 10-16 Uhr und oft auch dar\u00fcber hinaus.<\/p> <p>Verwende das Formular, schreib mir an: info[@]withjanine.com<\/p>\n<a href=\"https:\/\/www.instagram.com\/beside.withjanine\/\" rel=\"noopener\" target=\"_blank\"> <img src=\"\/wp-content\/uploads\/2026\/04\/Insta-beside-beste-Freundin.png\" width=\"25\" height=\"25\" title=\"Kontakt\" alt=\"Kontakt\"> <\/a>\n<a href=\"https:\/\/www.youtube.com\/@Beside.withJanine\" rel=\"noopener\" target=\"_blank\"> <img src=\"\/wp-content\/uploads\/2026\/04\/YouTube-beside-beste-Freundin.png\" width=\"25\" height=\"25\" title=\"Kontakt\" alt=\"Kontakt\"> <\/a>\n<h1>Schreib mir!<\/h1>\n<h3 data-start=\"521\" data-end=\"573\">Genug damit, nicht zu verstehen warum?<\/h3> <p>Du willst verstehen, was wirklich hinter deinen Freundschaftsverlusten steckt und Schritt f\u00fcr Schritt zu Verbindungen kommen, die wirklich funktionieren?<\/p> <p data-start=\"1849\" data-end=\"1873\">Dann melde dich bei mir.<\/p>\n<p>[wpforms id=\"17190\"]<\/p>\n<img src=\"\/wp-content\/uploads\/2026\/04\/beside_freundin_typ_test.png\" title=\"Kontakt\" alt=\"Kontakt\">\n<h2>Kostenloser Test<\/h2>\n<h2>Welcher Freundin-Typ bist du?<\/h2> <p>Du bist immer f\u00fcr andere da und gibst so viel in deinen Freundschaften. Und dennoch merkst du: Diese Freundschaft f\u00fchlt sich so einseitig an, oder sie endet pl\u00f6tzlich wortlos, ohne ein einziges Warum.<\/p> <p>Doch was, wenn das kein Zufall ist? Was, wenn es ein Muster gibt, das sich immer wiederholt?<\/p> <p>Bevor du weiter an dir zweifelst, finde heraus: <strong>Welcher Freundin-Typ du bist<\/strong> und warum deine Freundschaften immer nach dem gleichen Muster ablaufen.<\/p>\n<a href=\"\/lp-freundin-typ-test\" > Jetzt Freundin-Typ herausfinden <\/a>","_links":{"self":[{"href":"https:\/\/withjanine.com\/en\/wp-json\/wp\/v2\/pages\/16606","targetHints":{"allow":["GET"]}}],"collection":[{"href":"https:\/\/withjanine.com\/en\/wp-json\/wp\/v2\/pages"}],"about":[{"href":"https:\/\/withjanine.com\/en\/wp-json\/wp\/v2\/types\/page"}],"author":[{"embeddable":true,"href":"https:\/\/withjanine.com\/en\/wp-json\/wp\/v2\/users\/2"}],"replies":[{"embeddable":true,"href":"https:\/\/withjanine.com\/en\/wp-json\/wp\/v2\/comments?post=16606"}],"version-history":[{"count":57,"href":"https:\/\/withjanine.com\/en\/wp-json\/wp\/v2\/pages\/16606\/revisions"}],"predecessor-version":[{"id":18556,"href":"https:\/\/withjanine.com\/en\/wp-json\/wp\/v2\/pages\/16606\/revisions\/18556"}],"wp:attachment":[{"href":"https:\/\/withjanine.com\/en\/wp-json\/wp\/v2\/media?parent=16606"}],"curies":[{"name":"wp","href":"https:\/\/api.w.org\/{rel}","templated":true}]}}